{"id":241,"date":"2026-03-27T14:18:10","date_gmt":"2026-03-27T14:18:10","guid":{"rendered":"https:\/\/intotheburrow.com\/index.php\/home-polski\/"},"modified":"2026-03-30T18:49:50","modified_gmt":"2026-03-30T18:49:50","slug":"home-polski","status":"publish","type":"page","link":"https:\/\/intotheburrow.com\/index.php\/pl\/home-polski\/","title":{"rendered":"Home"},"content":{"rendered":"\n<figure class=\"wp-block-image alignfull size-large\"><img loading=\"lazy\" decoding=\"async\" width=\"1024\" height=\"341\" src=\"https:\/\/intotheburrow.com\/wp-content\/uploads\/2026\/03\/DSC01081-1024x341.jpg\" alt=\"\" class=\"wp-image-153\" srcset=\"https:\/\/intotheburrow.com\/wp-content\/uploads\/2026\/03\/DSC01081-1024x341.jpg 1024w, https:\/\/intotheburrow.com\/wp-content\/uploads\/2026\/03\/DSC01081-300x100.jpg 300w, https:\/\/intotheburrow.com\/wp-content\/uploads\/2026\/03\/DSC01081-768x256.jpg 768w, https:\/\/intotheburrow.com\/wp-content\/uploads\/2026\/03\/DSC01081-1536x512.jpg 1536w, https:\/\/intotheburrow.com\/wp-content\/uploads\/2026\/03\/DSC01081-2048x682.jpg 2048w\" sizes=\"auto, (max-width: 1024px) 100vw, 1024px\" \/><\/figure>\n\n\n\n<div id=\"wp-block-themeisle-blocks-advanced-columns-b320f813\" class=\"wp-block-themeisle-blocks-advanced-columns has-3-columns has-desktop-equal-layout has-tablet-equal-layout has-mobile-collapsedRows-layout has-vertical-unset\"><div class=\"wp-block-themeisle-blocks-advanced-columns-overlay\"><\/div><div class=\"innerblocks-wrap\">\n<div id=\"wp-block-themeisle-blocks-advanced-column-42182f0d\" class=\"wp-block-themeisle-blocks-advanced-column\">\n<h3 class=\"wp-block-heading has-text-align-center\">Ostatnie filmy<\/h3>\n\n\n\n<p class=\"has-text-align-center\">Odkryj m\u00f3j kana\u0142 YT o skorpionach!<\/p>\n\n\n\n<p id=\"wp-block-themeisle-blocks-advanced-heading-852c591d\" class=\"wp-block-themeisle-blocks-advanced-heading wp-block-themeisle-blocks-advanced-heading-852c591d\"><a href=\"https:\/\/intotheburrow.com\/index.php\/582c1-blogger-gb-news\/\">Zobacz<\/a><\/p>\n<\/div>\n\n\n\n<div id=\"wp-block-themeisle-blocks-advanced-column-cd359245\" class=\"wp-block-themeisle-blocks-advanced-column\">\n<h3 class=\"wp-block-heading has-text-align-center\">Dost\u0119pne zwierz\u0119ta<\/h3>\n\n\n\n<p class=\"has-text-align-center\">Chcia\u0142by\u015b posiada\u0107 skorpiona? Zobacz moj\u0105 ofert\u0119!<\/p>\n\n\n\n<p id=\"wp-block-themeisle-blocks-advanced-heading-98c8b9c2\" class=\"wp-block-themeisle-blocks-advanced-heading wp-block-themeisle-blocks-advanced-heading-98c8b9c2\"><a href=\"https:\/\/intotheburrow.com\/index.php\/pl\/dostepne-zwierzeta\/\">Zdob\u0105d\u017a<\/a><\/p>\n<\/div>\n\n\n\n<div id=\"wp-block-themeisle-blocks-advanced-column-9a9f49aa\" class=\"wp-block-themeisle-blocks-advanced-column\">\n<h3 class=\"wp-block-heading has-text-align-center\">O mnie<\/h3>\n\n\n\n<p class=\"has-text-align-center\">Kim jestem i czym si\u0119 zajmuj\u0119?<\/p>\n\n\n\n<p id=\"wp-block-themeisle-blocks-advanced-heading-a687c894\" class=\"wp-block-themeisle-blocks-advanced-heading wp-block-themeisle-blocks-advanced-heading-a687c894\"><a href=\"https:\/\/intotheburrow.com\/index.php\/pl\/o-mnie\/\">PRZECZYTAJ BIO<\/a><\/p>\n<\/div>\n<\/div><\/div>\n\n\n\n<div id=\"wp-block-themeisle-blocks-advanced-columns-6f11e740\" class=\"wp-block-themeisle-blocks-advanced-columns alignfull has-1-columns has-desktop-equal-layout has-tablet-equal-layout has-mobile-equal-layout has-vertical-unset\"><div class=\"wp-block-themeisle-blocks-advanced-columns-overlay\"><\/div><div class=\"innerblocks-wrap\">\n<div id=\"wp-block-themeisle-blocks-advanced-column-085d763a\" class=\"wp-block-themeisle-blocks-advanced-column\">\n<p id=\"wp-block-themeisle-blocks-advanced-heading-a38d6050\" class=\"wp-block-themeisle-blocks-advanced-heading wp-block-themeisle-blocks-advanced-heading-a38d6050\"><\/p>\n\n\n\n<h2 id=\"wp-block-themeisle-blocks-advanced-heading-4e96de44\" class=\"wp-block-themeisle-blocks-advanced-heading wp-block-themeisle-blocks-advanced-heading-4e96de44\">Zerknij na moje sociale<\/h2>\n\n\n\n<p class=\"has-text-align-center\" style=\"font-size:22px\">Obserwuj i nigdy nie przegap!<\/p>\n\n\n\n<div style=\"height:40px\" aria-hidden=\"true\" class=\"wp-block-spacer\"><\/div>\n\n\n\n<ul class=\"wp-block-social-links has-large-icon-size has-icon-color has-icon-background-color items-justified-center is-style-default is-content-justification-center is-layout-flex wp-container-core-social-links-is-layout-16018d1d wp-block-social-links-is-layout-flex\"><li style=\"color:var(--nv-text-dark-bg);background-color:var(--nv-dark-bg);\" class=\"wp-social-link wp-social-link-facebook has-nv-text-dark-bg-color has-nv-dark-bg-background-color wp-block-social-link\"><a rel=\"noopener nofollow\" target=\"_blank\" href=\"https:\/\/www.facebook.com\/potworanora\/?locale=pl_PL\" class=\"wp-block-social-link-anchor\"><svg width=\"24\" height=\"24\" viewBox=\"0 0 24 24\" version=\"1.1\" xmlns=\"http:\/\/www.w3.org\/2000\/svg\" aria-hidden=\"true\" focusable=\"false\"><path d=\"M12 2C6.5 2 2 6.5 2 12c0 5 3.7 9.1 8.4 9.9v-7H7.9V12h2.5V9.8c0-2.5 1.5-3.9 3.8-3.9 1.1 0 2.2.2 2.2.2v2.5h-1.3c-1.2 0-1.6.8-1.6 1.6V12h2.8l-.4 2.9h-2.3v7C18.3 21.1 22 17 22 12c0-5.5-4.5-10-10-10z\"><\/path><\/svg><span class=\"wp-block-social-link-label screen-reader-text\">Facebook<\/span><\/a><\/li>\n\n<li style=\"color:var(--nv-text-dark-bg);background-color:var(--nv-dark-bg);\" class=\"wp-social-link wp-social-link-instagram has-nv-text-dark-bg-color has-nv-dark-bg-background-color wp-block-social-link\"><a rel=\"noopener nofollow\" target=\"_blank\" href=\"https:\/\/www.instagram.com\/into_theburrow\/\" class=\"wp-block-social-link-anchor\"><svg width=\"24\" height=\"24\" viewBox=\"0 0 24 24\" version=\"1.1\" xmlns=\"http:\/\/www.w3.org\/2000\/svg\" aria-hidden=\"true\" focusable=\"false\"><path d=\"M12,4.622c2.403,0,2.688,0.009,3.637,0.052c0.877,0.04,1.354,0.187,1.671,0.31c0.42,0.163,0.72,0.358,1.035,0.673 c0.315,0.315,0.51,0.615,0.673,1.035c0.123,0.317,0.27,0.794,0.31,1.671c0.043,0.949,0.052,1.234,0.052,3.637 s-0.009,2.688-0.052,3.637c-0.04,0.877-0.187,1.354-0.31,1.671c-0.163,0.42-0.358,0.72-0.673,1.035 c-0.315,0.315-0.615,0.51-1.035,0.673c-0.317,0.123-0.794,0.27-1.671,0.31c-0.949,0.043-1.233,0.052-3.637,0.052 s-2.688-0.009-3.637-0.052c-0.877-0.04-1.354-0.187-1.671-0.31c-0.42-0.163-0.72-0.358-1.035-0.673 c-0.315-0.315-0.51-0.615-0.673-1.035c-0.123-0.317-0.27-0.794-0.31-1.671C4.631,14.688,4.622,14.403,4.622,12 s0.009-2.688,0.052-3.637c0.04-0.877,0.187-1.354,0.31-1.671c0.163-0.42,0.358-0.72,0.673-1.035 c0.315-0.315,0.615-0.51,1.035-0.673c0.317-0.123,0.794-0.27,1.671-0.31C9.312,4.631,9.597,4.622,12,4.622 M12,3 C9.556,3,9.249,3.01,8.289,3.054C7.331,3.098,6.677,3.25,6.105,3.472C5.513,3.702,5.011,4.01,4.511,4.511 c-0.5,0.5-0.808,1.002-1.038,1.594C3.25,6.677,3.098,7.331,3.054,8.289C3.01,9.249,3,9.556,3,12c0,2.444,0.01,2.751,0.054,3.711 c0.044,0.958,0.196,1.612,0.418,2.185c0.23,0.592,0.538,1.094,1.038,1.594c0.5,0.5,1.002,0.808,1.594,1.038 c0.572,0.222,1.227,0.375,2.185,0.418C9.249,20.99,9.556,21,12,21s2.751-0.01,3.711-0.054c0.958-0.044,1.612-0.196,2.185-0.418 c0.592-0.23,1.094-0.538,1.594-1.038c0.5-0.5,0.808-1.002,1.038-1.594c0.222-0.572,0.375-1.227,0.418-2.185 C20.99,14.751,21,14.444,21,12s-0.01-2.751-0.054-3.711c-0.044-0.958-0.196-1.612-0.418-2.185c-0.23-0.592-0.538-1.094-1.038-1.594 c-0.5-0.5-1.002-0.808-1.594-1.038c-0.572-0.222-1.227-0.375-2.185-0.418C14.751,3.01,14.444,3,12,3L12,3z M12,7.378 c-2.552,0-4.622,2.069-4.622,4.622S9.448,16.622,12,16.622s4.622-2.069,4.622-4.622S14.552,7.378,12,7.378z M12,15 c-1.657,0-3-1.343-3-3s1.343-3,3-3s3,1.343,3,3S13.657,15,12,15z M16.804,6.116c-0.596,0-1.08,0.484-1.08,1.08 s0.484,1.08,1.08,1.08c0.596,0,1.08-0.484,1.08-1.08S17.401,6.116,16.804,6.116z\"><\/path><\/svg><span class=\"wp-block-social-link-label screen-reader-text\">Instagram<\/span><\/a><\/li>\n\n<li style=\"color:var(--nv-text-dark-bg);background-color:var(--nv-dark-bg);\" class=\"wp-social-link wp-social-link-youtube has-nv-text-dark-bg-color has-nv-dark-bg-background-color wp-block-social-link\"><a rel=\"noopener nofollow\" target=\"_blank\" href=\"https:\/\/www.youtube.com\/@intotheburrow\" class=\"wp-block-social-link-anchor\"><svg width=\"24\" height=\"24\" viewBox=\"0 0 24 24\" version=\"1.1\" xmlns=\"http:\/\/www.w3.org\/2000\/svg\" aria-hidden=\"true\" focusable=\"false\"><path d=\"M21.8,8.001c0,0-0.195-1.378-0.795-1.985c-0.76-0.797-1.613-0.801-2.004-0.847c-2.799-0.202-6.997-0.202-6.997-0.202 h-0.009c0,0-4.198,0-6.997,0.202C4.608,5.216,3.756,5.22,2.995,6.016C2.395,6.623,2.2,8.001,2.2,8.001S2,9.62,2,11.238v1.517 c0,1.618,0.2,3.237,0.2,3.237s0.195,1.378,0.795,1.985c0.761,0.797,1.76,0.771,2.205,0.855c1.6,0.153,6.8,0.201,6.8,0.201 s4.203-0.006,7.001-0.209c0.391-0.047,1.243-0.051,2.004-0.847c0.6-0.607,0.795-1.985,0.795-1.985s0.2-1.618,0.2-3.237v-1.517 C22,9.62,21.8,8.001,21.8,8.001z M9.935,14.594l-0.001-5.62l5.404,2.82L9.935,14.594z\"><\/path><\/svg><span class=\"wp-block-social-link-label screen-reader-text\">YouTube<\/span><\/a><\/li><\/ul>\n<\/div>\n<\/div><\/div>\n\n\n\n<div id=\"wp-block-themeisle-blocks-advanced-columns-6a564611\" class=\"wp-block-themeisle-blocks-advanced-columns alignfull has-4-columns has-desktop-equal-layout has-tablet-equal-layout has-mobile-collapsedRows-layout has-vertical-unset\"><div class=\"wp-block-themeisle-blocks-advanced-columns-overlay\"><\/div><div class=\"innerblocks-wrap\">\n<div id=\"wp-block-themeisle-blocks-advanced-column-374d5d80\" class=\"wp-block-themeisle-blocks-advanced-column ticss-0e1467b8\">\n<div class=\"wp-block-cover aligncenter\" style=\"min-height:600px;aspect-ratio:unset;\"><img loading=\"lazy\" decoding=\"async\" width=\"1024\" height=\"820\" class=\"wp-block-cover__image-background wp-image-156 size-large\" alt=\"\" src=\"https:\/\/intotheburrow.com\/wp-content\/uploads\/2026\/03\/arizonensis-1024x820.jpg\" data-object-fit=\"cover\" srcset=\"https:\/\/intotheburrow.com\/wp-content\/uploads\/2026\/03\/arizonensis-1024x820.jpg 1024w, https:\/\/intotheburrow.com\/wp-content\/uploads\/2026\/03\/arizonensis-300x240.jpg 300w, https:\/\/intotheburrow.com\/wp-content\/uploads\/2026\/03\/arizonensis-768x615.jpg 768w, https:\/\/intotheburrow.com\/wp-content\/uploads\/2026\/03\/arizonensis-1536x1230.jpg 1536w, https:\/\/intotheburrow.com\/wp-content\/uploads\/2026\/03\/arizonensis-2048x1640.jpg 2048w\" sizes=\"auto, (max-width: 1024px) 100vw, 1024px\" \/><span aria-hidden=\"true\" class=\"wp-block-cover__background has-background-dim\" style=\"background-color:#5b4d39\"><\/span><div class=\"wp-block-cover__inner-container is-layout-flow wp-block-cover-is-layout-flow\">\n<p class=\"has-text-align-center has-large-font-size\">Hadrurus<\/p>\n<\/div><\/div>\n<\/div>\n\n\n\n<div id=\"wp-block-themeisle-blocks-advanced-column-329f066d\" class=\"wp-block-themeisle-blocks-advanced-column\">\n<div class=\"wp-block-cover aligncenter ticss-adf356bf\" style=\"min-height:600px;aspect-ratio:unset;\"><img loading=\"lazy\" decoding=\"async\" width=\"1024\" height=\"767\" class=\"wp-block-cover__image-background wp-image-157 size-large\" alt=\"\" src=\"https:\/\/intotheburrow.com\/wp-content\/uploads\/2026\/03\/DSC00915-1-1024x767.jpg\" data-object-fit=\"cover\" srcset=\"https:\/\/intotheburrow.com\/wp-content\/uploads\/2026\/03\/DSC00915-1-1024x767.jpg 1024w, https:\/\/intotheburrow.com\/wp-content\/uploads\/2026\/03\/DSC00915-1-300x225.jpg 300w, https:\/\/intotheburrow.com\/wp-content\/uploads\/2026\/03\/DSC00915-1-768x575.jpg 768w, https:\/\/intotheburrow.com\/wp-content\/uploads\/2026\/03\/DSC00915-1-1536x1150.jpg 1536w, https:\/\/intotheburrow.com\/wp-content\/uploads\/2026\/03\/DSC00915-1-2048x1533.jpg 2048w\" sizes=\"auto, (max-width: 1024px) 100vw, 1024px\" \/><span aria-hidden=\"true\" class=\"wp-block-cover__background has-background-dim-0 has-background-dim\" style=\"background-color:#493b33\"><\/span><div class=\"wp-block-cover__inner-container is-layout-flow wp-block-cover-is-layout-flow\">\n<p class=\"has-text-align-center has-large-font-size\">Centruroides<\/p>\n<\/div><\/div>\n<\/div>\n\n\n\n<div id=\"wp-block-themeisle-blocks-advanced-column-a131c8d8\" class=\"wp-block-themeisle-blocks-advanced-column\">\n<div class=\"wp-block-cover aligncenter is-light ticss-adf356bf\" style=\"min-height:600px;aspect-ratio:unset;\"><img loading=\"lazy\" decoding=\"async\" width=\"1024\" height=\"576\" class=\"wp-block-cover__image-background wp-image-158 size-large\" alt=\"\" src=\"https:\/\/intotheburrow.com\/wp-content\/uploads\/2026\/03\/DSC00413-1024x576.jpg\" data-object-fit=\"cover\" srcset=\"https:\/\/intotheburrow.com\/wp-content\/uploads\/2026\/03\/DSC00413-1024x576.jpg 1024w, https:\/\/intotheburrow.com\/wp-content\/uploads\/2026\/03\/DSC00413-300x169.jpg 300w, https:\/\/intotheburrow.com\/wp-content\/uploads\/2026\/03\/DSC00413-768x432.jpg 768w, https:\/\/intotheburrow.com\/wp-content\/uploads\/2026\/03\/DSC00413-1536x864.jpg 1536w, https:\/\/intotheburrow.com\/wp-content\/uploads\/2026\/03\/DSC00413-2048x1152.jpg 2048w\" sizes=\"auto, (max-width: 1024px) 100vw, 1024px\" \/><span aria-hidden=\"true\" class=\"wp-block-cover__background has-background-dim-0 has-background-dim\" style=\"background-color:#8b8987\"><\/span><div class=\"wp-block-cover__inner-container is-layout-flow wp-block-cover-is-layout-flow\">\n<p class=\"has-text-align-center has-large-font-size\">Pandinurus<\/p>\n<\/div><\/div>\n<\/div>\n\n\n\n<div id=\"wp-block-themeisle-blocks-advanced-column-b20eafeb\" class=\"wp-block-themeisle-blocks-advanced-column\">\n<div class=\"wp-block-cover aligncenter ticss-adf356bf\" style=\"min-height:600px;aspect-ratio:unset;\"><img loading=\"lazy\" decoding=\"async\" width=\"768\" height=\"1024\" class=\"wp-block-cover__image-background wp-image-166 size-large\" alt=\"\" src=\"https:\/\/intotheburrow.com\/wp-content\/uploads\/2026\/03\/faf2f146-9994-4157-8e55-949ed5835bed-768x1024.jpeg\" data-object-fit=\"cover\" srcset=\"https:\/\/intotheburrow.com\/wp-content\/uploads\/2026\/03\/faf2f146-9994-4157-8e55-949ed5835bed-768x1024.jpeg 768w, https:\/\/intotheburrow.com\/wp-content\/uploads\/2026\/03\/faf2f146-9994-4157-8e55-949ed5835bed-225x300.jpeg 225w, https:\/\/intotheburrow.com\/wp-content\/uploads\/2026\/03\/faf2f146-9994-4157-8e55-949ed5835bed-1152x1536.jpeg 1152w, https:\/\/intotheburrow.com\/wp-content\/uploads\/2026\/03\/faf2f146-9994-4157-8e55-949ed5835bed.jpeg 1536w\" sizes=\"auto, (max-width: 768px) 100vw, 768px\" \/><span aria-hidden=\"true\" class=\"wp-block-cover__background has-background-dim-0 has-background-dim\" style=\"background-color:#4a525d\"><\/span><div class=\"wp-block-cover__inner-container is-layout-flow wp-block-cover-is-layout-flow\">\n<p class=\"has-text-align-center has-large-font-size\">Hadogenes<\/p>\n<\/div><\/div>\n<\/div>\n<\/div><\/div>\n\n\n\n<p><\/p>\n","protected":false},"excerpt":{"rendered":"","protected":false},"author":1,"featured_media":0,"parent":0,"menu_order":0,"comment_status":"closed","ping_status":"closed","template":"","meta":{"neve_meta_sidebar":"","neve_meta_container":"","neve_meta_enable_content_width":"","neve_meta_content_width":0,"neve_meta_title_alignment":"","neve_meta_author_avatar":"","neve_post_elements_order":"","neve_meta_disable_header":"","neve_meta_disable_footer":"","neve_meta_disable_title":"","_themeisle_gutenberg_block_has_review":false,"footnotes":""},"class_list":["post-241","page","type-page","status-publish","hentry"],"yoast_head":"<!-- This site is optimized with the Yoast SEO plugin v27.2 - https:\/\/yoast.com\/product\/yoast-seo-wordpress\/ -->\n<title>Home - INTO THE BURROW<\/title>\n<meta name=\"robots\" content=\"index, follow, max-snippet:-1, max-image-preview:large, max-video-preview:-1\" \/>\n<link rel=\"canonical\" href=\"https:\/\/intotheburrow.com\/index.php\/pl\/home-polski\/\" \/>\n<meta property=\"og:locale\" content=\"en_US\" \/>\n<meta property=\"og:type\" content=\"article\" \/>\n<meta property=\"og:title\" content=\"Home - INTO THE BURROW\" \/>\n<meta property=\"og:url\" content=\"https:\/\/intotheburrow.com\/index.php\/pl\/home-polski\/\" \/>\n<meta property=\"og:site_name\" content=\"INTO THE BURROW\" \/>\n<meta property=\"article:modified_time\" content=\"2026-03-30T18:49:50+00:00\" \/>\n<meta property=\"og:image\" content=\"https:\/\/intotheburrow.com\/wp-content\/uploads\/2026\/03\/DSC01081-1024x341.jpg\" \/>\n<meta name=\"twitter:card\" content=\"summary_large_image\" \/>\n<meta name=\"twitter:label1\" content=\"Est. reading time\" \/>\n\t<meta name=\"twitter:data1\" content=\"2 minutes\" \/>\n<script type=\"application\/ld+json\" class=\"yoast-schema-graph\">{\"@context\":\"https:\/\/schema.org\",\"@graph\":[{\"@type\":\"WebPage\",\"@id\":\"https:\/\/intotheburrow.com\/index.php\/pl\/home-polski\/\",\"url\":\"https:\/\/intotheburrow.com\/index.php\/pl\/home-polski\/\",\"name\":\"Home - INTO THE BURROW\",\"isPartOf\":{\"@id\":\"https:\/\/intotheburrow.com\/#website\"},\"primaryImageOfPage\":{\"@id\":\"https:\/\/intotheburrow.com\/index.php\/pl\/home-polski\/#primaryimage\"},\"image\":{\"@id\":\"https:\/\/intotheburrow.com\/index.php\/pl\/home-polski\/#primaryimage\"},\"thumbnailUrl\":\"https:\/\/intotheburrow.com\/wp-content\/uploads\/2026\/03\/DSC01081-1024x341.jpg\",\"datePublished\":\"2026-03-27T14:18:10+00:00\",\"dateModified\":\"2026-03-30T18:49:50+00:00\",\"breadcrumb\":{\"@id\":\"https:\/\/intotheburrow.com\/index.php\/pl\/home-polski\/#breadcrumb\"},\"inLanguage\":\"en-US\",\"potentialAction\":[{\"@type\":\"ReadAction\",\"target\":[\"https:\/\/intotheburrow.com\/index.php\/pl\/home-polski\/\"]}]},{\"@type\":\"ImageObject\",\"inLanguage\":\"en-US\",\"@id\":\"https:\/\/intotheburrow.com\/index.php\/pl\/home-polski\/#primaryimage\",\"url\":\"https:\/\/intotheburrow.com\/wp-content\/uploads\/2026\/03\/DSC01081-scaled.jpg\",\"contentUrl\":\"https:\/\/intotheburrow.com\/wp-content\/uploads\/2026\/03\/DSC01081-scaled.jpg\",\"width\":2560,\"height\":853},{\"@type\":\"BreadcrumbList\",\"@id\":\"https:\/\/intotheburrow.com\/index.php\/pl\/home-polski\/#breadcrumb\",\"itemListElement\":[{\"@type\":\"ListItem\",\"position\":1,\"name\":\"Home\",\"item\":\"https:\/\/intotheburrow.com\/\"},{\"@type\":\"ListItem\",\"position\":2,\"name\":\"Home\"}]},{\"@type\":\"WebSite\",\"@id\":\"https:\/\/intotheburrow.com\/#website\",\"url\":\"https:\/\/intotheburrow.com\/\",\"name\":\"INTO THE BURROW\",\"description\":\"All about scorpions\",\"publisher\":{\"@id\":\"https:\/\/intotheburrow.com\/#\/schema\/person\/add7e1f3183b32ad4fb1ae4074508d7e\"},\"potentialAction\":[{\"@type\":\"SearchAction\",\"target\":{\"@type\":\"EntryPoint\",\"urlTemplate\":\"https:\/\/intotheburrow.com\/?s={search_term_string}\"},\"query-input\":{\"@type\":\"PropertyValueSpecification\",\"valueRequired\":true,\"valueName\":\"search_term_string\"}}],\"inLanguage\":\"en-US\"},{\"@type\":[\"Person\",\"Organization\"],\"@id\":\"https:\/\/intotheburrow.com\/#\/schema\/person\/add7e1f3183b32ad4fb1ae4074508d7e\",\"name\":\"Rafal\",\"image\":{\"@type\":\"ImageObject\",\"inLanguage\":\"en-US\",\"@id\":\"https:\/\/intotheburrow.com\/wp-content\/uploads\/2026\/03\/cropped-ChatGPT-Image-24-mar-2026-20_19_36.png\",\"url\":\"https:\/\/intotheburrow.com\/wp-content\/uploads\/2026\/03\/cropped-ChatGPT-Image-24-mar-2026-20_19_36.png\",\"contentUrl\":\"https:\/\/intotheburrow.com\/wp-content\/uploads\/2026\/03\/cropped-ChatGPT-Image-24-mar-2026-20_19_36.png\",\"width\":512,\"height\":512,\"caption\":\"Rafal\"},\"logo\":{\"@id\":\"https:\/\/intotheburrow.com\/wp-content\/uploads\/2026\/03\/cropped-ChatGPT-Image-24-mar-2026-20_19_36.png\"},\"description\":\"Scorpion breeder and keeper\",\"sameAs\":[\"http:\/\/intotheburrow.com\",\"https:\/\/www.instagram.com\/into_theburrow\/\",\"https:\/\/www.youtube.com\/@intotheburrow\"]}]}<\/script>\n<!-- \/ Yoast SEO plugin. -->","yoast_head_json":{"title":"Home - INTO THE BURROW","robots":{"index":"index","follow":"follow","max-snippet":"max-snippet:-1","max-image-preview":"max-image-preview:large","max-video-preview":"max-video-preview:-1"},"canonical":"https:\/\/intotheburrow.com\/index.php\/pl\/home-polski\/","og_locale":"en_US","og_type":"article","og_title":"Home - INTO THE BURROW","og_url":"https:\/\/intotheburrow.com\/index.php\/pl\/home-polski\/","og_site_name":"INTO THE BURROW","article_modified_time":"2026-03-30T18:49:50+00:00","og_image":[{"url":"https:\/\/intotheburrow.com\/wp-content\/uploads\/2026\/03\/DSC01081-1024x341.jpg","type":"","width":"","height":""}],"twitter_card":"summary_large_image","twitter_misc":{"Est. reading time":"2 minutes"},"schema":{"@context":"https:\/\/schema.org","@graph":[{"@type":"WebPage","@id":"https:\/\/intotheburrow.com\/index.php\/pl\/home-polski\/","url":"https:\/\/intotheburrow.com\/index.php\/pl\/home-polski\/","name":"Home - INTO THE BURROW","isPartOf":{"@id":"https:\/\/intotheburrow.com\/#website"},"primaryImageOfPage":{"@id":"https:\/\/intotheburrow.com\/index.php\/pl\/home-polski\/#primaryimage"},"image":{"@id":"https:\/\/intotheburrow.com\/index.php\/pl\/home-polski\/#primaryimage"},"thumbnailUrl":"https:\/\/intotheburrow.com\/wp-content\/uploads\/2026\/03\/DSC01081-1024x341.jpg","datePublished":"2026-03-27T14:18:10+00:00","dateModified":"2026-03-30T18:49:50+00:00","breadcrumb":{"@id":"https:\/\/intotheburrow.com\/index.php\/pl\/home-polski\/#breadcrumb"},"inLanguage":"en-US","potentialAction":[{"@type":"ReadAction","target":["https:\/\/intotheburrow.com\/index.php\/pl\/home-polski\/"]}]},{"@type":"ImageObject","inLanguage":"en-US","@id":"https:\/\/intotheburrow.com\/index.php\/pl\/home-polski\/#primaryimage","url":"https:\/\/intotheburrow.com\/wp-content\/uploads\/2026\/03\/DSC01081-scaled.jpg","contentUrl":"https:\/\/intotheburrow.com\/wp-content\/uploads\/2026\/03\/DSC01081-scaled.jpg","width":2560,"height":853},{"@type":"BreadcrumbList","@id":"https:\/\/intotheburrow.com\/index.php\/pl\/home-polski\/#breadcrumb","itemListElement":[{"@type":"ListItem","position":1,"name":"Home","item":"https:\/\/intotheburrow.com\/"},{"@type":"ListItem","position":2,"name":"Home"}]},{"@type":"WebSite","@id":"https:\/\/intotheburrow.com\/#website","url":"https:\/\/intotheburrow.com\/","name":"INTO THE BURROW","description":"All about scorpions","publisher":{"@id":"https:\/\/intotheburrow.com\/#\/schema\/person\/add7e1f3183b32ad4fb1ae4074508d7e"},"potentialAction":[{"@type":"SearchAction","target":{"@type":"EntryPoint","urlTemplate":"https:\/\/intotheburrow.com\/?s={search_term_string}"},"query-input":{"@type":"PropertyValueSpecification","valueRequired":true,"valueName":"search_term_string"}}],"inLanguage":"en-US"},{"@type":["Person","Organization"],"@id":"https:\/\/intotheburrow.com\/#\/schema\/person\/add7e1f3183b32ad4fb1ae4074508d7e","name":"Rafal","image":{"@type":"ImageObject","inLanguage":"en-US","@id":"https:\/\/intotheburrow.com\/wp-content\/uploads\/2026\/03\/cropped-ChatGPT-Image-24-mar-2026-20_19_36.png","url":"https:\/\/intotheburrow.com\/wp-content\/uploads\/2026\/03\/cropped-ChatGPT-Image-24-mar-2026-20_19_36.png","contentUrl":"https:\/\/intotheburrow.com\/wp-content\/uploads\/2026\/03\/cropped-ChatGPT-Image-24-mar-2026-20_19_36.png","width":512,"height":512,"caption":"Rafal"},"logo":{"@id":"https:\/\/intotheburrow.com\/wp-content\/uploads\/2026\/03\/cropped-ChatGPT-Image-24-mar-2026-20_19_36.png"},"description":"Scorpion breeder and keeper","sameAs":["http:\/\/intotheburrow.com","https:\/\/www.instagram.com\/into_theburrow\/","https:\/\/www.youtube.com\/@intotheburrow"]}]}},"_links":{"self":[{"href":"https:\/\/intotheburrow.com\/index.php\/wp-json\/wp\/v2\/pages\/241","targetHints":{"allow":["GET"]}}],"collection":[{"href":"https:\/\/intotheburrow.com\/index.php\/wp-json\/wp\/v2\/pages"}],"about":[{"href":"https:\/\/intotheburrow.com\/index.php\/wp-json\/wp\/v2\/types\/page"}],"author":[{"embeddable":true,"href":"https:\/\/intotheburrow.com\/index.php\/wp-json\/wp\/v2\/users\/1"}],"replies":[{"embeddable":true,"href":"https:\/\/intotheburrow.com\/index.php\/wp-json\/wp\/v2\/comments?post=241"}],"version-history":[{"count":6,"href":"https:\/\/intotheburrow.com\/index.php\/wp-json\/wp\/v2\/pages\/241\/revisions"}],"predecessor-version":[{"id":311,"href":"https:\/\/intotheburrow.com\/index.php\/wp-json\/wp\/v2\/pages\/241\/revisions\/311"}],"wp:attachment":[{"href":"https:\/\/intotheburrow.com\/index.php\/wp-json\/wp\/v2\/media?parent=241"}],"curies":[{"name":"wp","href":"https:\/\/api.w.org\/{rel}","templated":true}]}}